{"id":30,"date":"2024-09-27T20:30:07","date_gmt":"2024-09-27T18:30:07","guid":{"rendered":"https:\/\/captures-it.com\/?page_id=30"},"modified":"2024-09-27T22:42:36","modified_gmt":"2024-09-27T20:42:36","slug":"captures-it","status":"publish","type":"page","link":"https:\/\/captures-it.com\/index.php\/captures-it\/","title":{"rendered":"captures-it"},"content":{"rendered":"\n<p class=\"has-text-align-center\">Pour moi, captur\u00e9 une expression simple, un simple sourire, ou m\u00eame un moment pris en toute discr\u00e9tion, et ont par la suite un beau r\u00e9sultat. Je me base principalement sur le caract\u00e8re naturel de la photo. Nous dirons que c&rsquo;est ma marque de fabrique. Mais surtout, a gard\u00e9 les d\u00e9tails oubli\u00e9s aujourd&rsquo;hui&#8230;..<\/p>\n\n\n\n<p><\/p>\n","protected":false},"excerpt":{"rendered":"<p>Pour moi, captur\u00e9 une expression simple, un simple sourire, ou m\u00eame un moment pris en toute discr\u00e9tion, et ont par la suite un beau r\u00e9sultat. Je me base principalement sur le caract\u00e8re naturel de la photo. Nous dirons que c&rsquo;est ma marque de fabrique. Mais surtout, a gard\u00e9 les d\u00e9tails oubli\u00e9s aujourd&rsquo;hui&#8230;..<\/p>\n","protected":false},"author":1,"featured_media":0,"parent":0,"menu_order":0,"comment_status":"closed","ping_status":"closed","template":"wp-custom-template-captures-it","meta":{"footnotes":""},"class_list":["post-30","page","type-page","status-publish","hentry"],"_links":{"self":[{"href":"https:\/\/captures-it.com\/index.php\/wp-json\/wp\/v2\/pages\/30","targetHints":{"allow":["GET"]}}],"collection":[{"href":"https:\/\/captures-it.com\/index.php\/wp-json\/wp\/v2\/pages"}],"about":[{"href":"https:\/\/captures-it.com\/index.php\/wp-json\/wp\/v2\/types\/page"}],"author":[{"embeddable":true,"href":"https:\/\/captures-it.com\/index.php\/wp-json\/wp\/v2\/users\/1"}],"replies":[{"embeddable":true,"href":"https:\/\/captures-it.com\/index.php\/wp-json\/wp\/v2\/comments?post=30"}],"version-history":[{"count":10,"href":"https:\/\/captures-it.com\/index.php\/wp-json\/wp\/v2\/pages\/30\/revisions"}],"predecessor-version":[{"id":61,"href":"https:\/\/captures-it.com\/index.php\/wp-json\/wp\/v2\/pages\/30\/revisions\/61"}],"wp:attachment":[{"href":"https:\/\/captures-it.com\/index.php\/wp-json\/wp\/v2\/media?parent=30"}],"curies":[{"name":"wp","href":"https:\/\/api.w.org\/{rel}","templated":true}]}}